{"id":3656,"date":"2020-12-13T17:35:01","date_gmt":"2020-12-13T16:35:01","guid":{"rendered":"https:\/\/www.orfeuspiano.se\/elevernas-utmarkelser\/"},"modified":"2020-12-13T17:35:01","modified_gmt":"2020-12-13T16:35:01","slug":"elevernas-utmarkelser","status":"publish","type":"page","link":"https:\/\/www.orfeuspiano.se\/sv\/elevernas-utmarkelser\/","title":{"rendered":"Elevernas utm\u00e4rkelser"},"content":{"rendered":"\t\t<div data-elementor-type=\"wp-page\" data-elementor-id=\"3656\" class=\"elementor elementor-3656 elementor-501\">\n\t\t\t\t\t\t<div class=\"elementor-inner\">\n\t\t\t\t<div class=\"elementor-section-wrap\">\n\t\t\t\t\t\t\t\t\t<section class=\"elementor-section elementor-top-section elementor-element elementor-element-4c209441 elementor-section-boxed elementor-section-height-default elementor-section-height-default\" data-id=\"4c209441\" data-element_type=\"section\">\n\t\t\t\t\t\t<div class=\"elementor-container elementor-column-gap-wider\">\n\t\t\t\t\t\t\t<div class=\"elementor-row\">\n\t\t\t\t\t<div class=\"elementor-column elementor-col-100 elementor-top-column elementor-element elementor-element-c1e5a76\" data-id=\"c1e5a76\" data-element_type=\"column\">\n\t\t\t<div class=\"elementor-column-wrap elementor-element-populated\">\n\t\t\t\t\t\t\t<div class=\"elementor-widget-wrap\">\n\t\t\t\t\t\t<div class=\"elementor-element elementor-element-4d86795e elementor-widget elementor-widget-heading\" data-id=\"4d86795e\" data-element_type=\"widget\" data-widget_type=\"heading.default\">\n\t\t\t\t<div class=\"elementor-widget-container\">\n\t\t\t<h2 class=\"elementor-heading-title elementor-size-default\"><a href=\"https:\/\/www.orfeuspiano.se\/projects\/portfolio-v002\/\" class=\"mega-menu-img mega-menu-img-left_top act\" data-level=\"2\" role=\"menuitem\"><span class=\"menu-item-text\"><span class=\"menu-text\">Elevernas utm\u00e4rkelser<\/span><\/span><\/a><\/h2>\t\t<\/div>\n\t\t\t\t<\/div>\n\t\t\t\t\t\t<\/div>\n\t\t\t\t\t<\/div>\n\t\t<\/div>\n\t\t\t\t\t\t\t\t<\/div>\n\t\t\t\t\t<\/div>\n\t\t<\/section>\n\t\t\t\t<section class=\"elementor-section elementor-top-section elementor-element elementor-element-f9aa5f7 elementor-section-boxed elementor-section-height-default elementor-section-height-default\" data-id=\"f9aa5f7\" data-element_type=\"section\">\n\t\t\t\t\t\t<div class=\"elementor-container elementor-column-gap-default\">\n\t\t\t\t\t\t\t<div class=\"elementor-row\">\n\t\t\t\t\t<div class=\"elementor-column elementor-col-100 elementor-top-column elementor-element elementor-element-802f615\" data-id=\"802f615\" data-element_type=\"column\">\n\t\t\t<div class=\"elementor-column-wrap elementor-element-populated\">\n\t\t\t\t\t\t\t<div class=\"elementor-widget-wrap\">\n\t\t\t\t\t\t<div class=\"elementor-element elementor-element-cbf7a6f elementor-widget elementor-widget-text-editor\" data-id=\"cbf7a6f\" data-element_type=\"widget\" data-widget_type=\"text-editor.default\">\n\t\t\t\t<div class=\"elementor-widget-container\">\n\t\t\t\t\t\t\t\t<div class=\"elementor-text-editor elementor-clearfix\">\n\t\t\t\t<p>Milicas hittills l\u00e4ngsta anst\u00e4llning var i Belgrad 2002-2006, p\u00e5 musikskolan\/gymnasiet \u201cMokranjac\u201d. Under de fyra \u00e5r som hon arbetade d\u00e4r vann hennes elever, under hennes pedagogiska ledning, \u00e5tta priser och tv\u00e5 diplom p\u00e5 diverse musikaliska t\u00e4vlingar f\u00f6r unga pianister:<\/p>\n<ul>\n<li>Republik Serbiens t\u00e4vling f\u00f6r unga musiker- tv\u00e5 diplom (2005)<\/li>\n<li>T\u00e4vlingen \u201cUnga pianisters promenad\u201d- ett tredje + tv\u00e5 andrapriser (2004, 2006)<\/li>\n<li>Musikskolans \u201cVu\u010dkovi\u0107\u201d t\u00e4vling- tv\u00e5 tredjepriser (2005)<\/li>\n<li>T\u00e4vlingen \u201cDen unga virtuosen\u201d &#8211; tre andrapriser (2003, 2004).<\/li>\n<\/ul>\n\t\t\t\t\t<\/div>\n\t\t\t\t\t\t<\/div>\n\t\t\t\t<\/div>\n\t\t\t\t\t\t<\/div>\n\t\t\t\t\t<\/div>\n\t\t<\/div>\n\t\t\t\t\t\t\t\t<\/div>\n\t\t\t\t\t<\/div>\n\t\t<\/section>\n\t\t\t\t<section class=\"elementor-section elementor-top-section elementor-element elementor-element-93d8410 elementor-section-boxed elementor-section-height-default elementor-section-height-default\" data-id=\"93d8410\" data-element_type=\"section\">\n\t\t\t\t\t\t<div class=\"elementor-container elementor-column-gap-default\">\n\t\t\t\t\t\t\t<div class=\"elementor-row\">\n\t\t\t\t\t<div class=\"elementor-column elementor-col-100 elementor-top-column elementor-element elementor-element-cc7bf05\" data-id=\"cc7bf05\" data-element_type=\"column\">\n\t\t\t<div class=\"elementor-column-wrap elementor-element-populated\">\n\t\t\t\t\t\t\t<div class=\"elementor-widget-wrap\">\n\t\t\t\t\t\t<div class=\"elementor-element elementor-element-ba8e31f elementor-widget elementor-widget-image-gallery\" data-id=\"ba8e31f\" data-element_type=\"widget\" data-widget_type=\"image-gallery.default\">\n\t\t\t\t<div class=\"elementor-widget-container\">\n\t\t\t\t\t<div class=\"elementor-image-gallery\">\n\t\t\t\n\t\t\t<style type='text\/css'>\n\t\t\t\t#gallery-1 {\n\t\t\t\t\tmargin: auto;\n\t\t\t\t}\n\t\t\t\t#gallery-1 .gallery-item {\n\t\t\t\t\tfloat: left;\n\t\t\t\t\tmargin-top: 10px;\n\t\t\t\t\ttext-align: center;\n\t\t\t\t\twidth: 50%;\n\t\t\t\t}\n\t\t\t\t#gallery-1 img {\n\t\t\t\t\tborder: 2px solid #cfcfcf;\n\t\t\t\t}\n\t\t\t\t#gallery-1 .gallery-caption {\n\t\t\t\t\tmargin-left: 0;\n\t\t\t\t}\n\t\t\t\t\/* see gallery_shortcode() in wp-includes\/media.php *\/\n\t\t\t<\/style>\n\t\t<div id='gallery-1' class='dt-gallery-container gallery galleryid-3656 gallery-columns-2 gallery-size-medium'><dl class='gallery-item'>\n\t\t\t\t<dt class='gallery-icon portrait'>\n\t\t\t\t\t<a class=\"rollover rollover-zoom\" title=\"\"data-elementor-open-lightbox=\"yes\" data-elementor-lightbox-slideshow=\"ba8e31f\" data-elementor-lightbox-title=\"student_award_02\" e-action-hash=\"#elementor-action%3Aaction%3Dlightbox%26settings%3DeyJpZCI6MzY1OCwidXJsIjoiaHR0cHM6XC9cL3d3dy5vcmZldXNwaWFuby5zZVwvd3AtY29udGVudFwvdXBsb2Fkc1wvMjAyMFwvMTFcL3N0dWRlbnRfYXdhcmRfMDIuanBnIiwic2xpZGVzaG93IjoiYmE4ZTMxZiJ9\" href='https:\/\/www.orfeuspiano.se\/wp-content\/uploads\/2020\/11\/student_award_02.jpg'><img width=\"212\" height=\"300\" src=\"https:\/\/www.orfeuspiano.se\/wp-content\/uploads\/2020\/11\/student_award_02-212x300.jpg\" class=\"attachment-medium size-medium\" alt=\"\" decoding=\"async\" loading=\"lazy\" srcset=\"https:\/\/www.orfeuspiano.se\/wp-content\/uploads\/2020\/11\/student_award_02-212x300.jpg 212w, https:\/\/www.orfeuspiano.se\/wp-content\/uploads\/2020\/11\/student_award_02.jpg 353w\" sizes=\"(max-width: 212px) 100vw, 212px\" \/><\/a>\n\t\t\t\t<\/dt><\/dl><dl class='gallery-item'>\n\t\t\t\t<dt class='gallery-icon portrait'>\n\t\t\t\t\t<a class=\"rollover rollover-zoom\" title=\"\"data-elementor-open-lightbox=\"yes\" data-elementor-lightbox-slideshow=\"ba8e31f\" data-elementor-lightbox-title=\"student_award_01\" e-action-hash=\"#elementor-action%3Aaction%3Dlightbox%26settings%3DeyJpZCI6MzY2MCwidXJsIjoiaHR0cHM6XC9cL3d3dy5vcmZldXNwaWFuby5zZVwvd3AtY29udGVudFwvdXBsb2Fkc1wvMjAyMFwvMTFcL3N0dWRlbnRfYXdhcmRfMDEuanBnIiwic2xpZGVzaG93IjoiYmE4ZTMxZiJ9\" href='https:\/\/www.orfeuspiano.se\/wp-content\/uploads\/2020\/11\/student_award_01.jpg'><img width=\"212\" height=\"300\" src=\"https:\/\/www.orfeuspiano.se\/wp-content\/uploads\/2020\/11\/student_award_01-212x300.jpg\" class=\"attachment-medium size-medium\" alt=\"\" decoding=\"async\" loading=\"lazy\" srcset=\"https:\/\/www.orfeuspiano.se\/wp-content\/uploads\/2020\/11\/student_award_01-212x300.jpg 212w, https:\/\/www.orfeuspiano.se\/wp-content\/uploads\/2020\/11\/student_award_01.jpg 353w\" sizes=\"(max-width: 212px) 100vw, 212px\" \/><\/a>\n\t\t\t\t<\/dt><\/dl><br style=\"clear: both\" \/>\n\t\t\t<\/div>\n\t\t<\/div>\n\t\t\t\t<\/div>\n\t\t\t\t<\/div>\n\t\t\t\t\t\t<\/div>\n\t\t\t\t\t<\/div>\n\t\t<\/div>\n\t\t\t\t\t\t\t\t<\/div>\n\t\t\t\t\t<\/div>\n\t\t<\/section>\n\t\t\t\t\t\t\t\t\t<\/div>\n\t\t\t<\/div>\n\t\t\t\t\t<\/div>\n\t\t","protected":false},"excerpt":{"rendered":"<p>Elevernas utm\u00e4rkelser Milicas hittills l\u00e4ngsta anst\u00e4llning var i Belgrad 2002-2006, p\u00e5 musikskolan\/gymnasiet \u201cMokranjac\u201d. Under de fyra \u00e5r som hon arbetade d\u00e4r vann hennes elever, under hennes pedagogiska ledning, \u00e5tta priser och tv\u00e5 diplom p\u00e5 diverse musikaliska t\u00e4vlingar f\u00f6r unga pianister: Republik Serbiens t\u00e4vling f\u00f6r unga musiker- tv\u00e5 diplom (2005) T\u00e4vlingen \u201cUnga pianisters promenad\u201d- ett tredje&hellip;<\/p>\n","protected":false},"author":1,"featured_media":0,"parent":0,"menu_order":30,"comment_status":"closed","ping_status":"closed","template":"elementor_header_footer","meta":[],"_links":{"self":[{"href":"https:\/\/www.orfeuspiano.se\/sv\/wp-json\/wp\/v2\/pages\/3656"}],"collection":[{"href":"https:\/\/www.orfeuspiano.se\/sv\/wp-json\/wp\/v2\/pages"}],"about":[{"href":"https:\/\/www.orfeuspiano.se\/sv\/wp-json\/wp\/v2\/types\/page"}],"author":[{"embeddable":true,"href":"https:\/\/www.orfeuspiano.se\/sv\/wp-json\/wp\/v2\/users\/1"}],"replies":[{"embeddable":true,"href":"https:\/\/www.orfeuspiano.se\/sv\/wp-json\/wp\/v2\/comments?post=3656"}],"version-history":[{"count":1,"href":"https:\/\/www.orfeuspiano.se\/sv\/wp-json\/wp\/v2\/pages\/3656\/revisions"}],"predecessor-version":[{"id":3657,"href":"https:\/\/www.orfeuspiano.se\/sv\/wp-json\/wp\/v2\/pages\/3656\/revisions\/3657"}],"wp:attachment":[{"href":"https:\/\/www.orfeuspiano.se\/sv\/wp-json\/wp\/v2\/media?parent=3656"}],"curies":[{"name":"wp","href":"https:\/\/api.w.org\/{rel}","templated":true}]}}