{"id":3579,"date":"2020-11-17T00:56:59","date_gmt":"2020-11-16T23:56:59","guid":{"rendered":"https:\/\/www.orfeuspiano.se\/milicas-framtradanden\/"},"modified":"2020-12-23T19:24:59","modified_gmt":"2020-12-23T18:24:59","slug":"milicas-framtradande","status":"publish","type":"page","link":"https:\/\/www.orfeuspiano.se\/sv\/milicas-framtradande\/","title":{"rendered":"Milicas framtr\u00e4dande"},"content":{"rendered":"\t\t<div data-elementor-type=\"wp-page\" data-elementor-id=\"3579\" class=\"elementor elementor-3579 elementor-2831\">\n\t\t\t\t\t\t<div class=\"elementor-inner\">\n\t\t\t\t<div class=\"elementor-section-wrap\">\n\t\t\t\t\t\t\t\t\t<section class=\"elementor-section elementor-top-section elementor-element elementor-element-78e0f2e elementor-section-boxed elementor-section-height-default elementor-section-height-default\" data-id=\"78e0f2e\" data-element_type=\"section\">\n\t\t\t\t\t\t<div class=\"elementor-container elementor-column-gap-default\">\n\t\t\t\t\t\t\t<div class=\"elementor-row\">\n\t\t\t\t\t<div class=\"elementor-column elementor-col-100 elementor-top-column elementor-element elementor-element-12d23ba\" data-id=\"12d23ba\" data-element_type=\"column\">\n\t\t\t<div class=\"elementor-column-wrap\">\n\t\t\t\t\t\t\t<div class=\"elementor-widget-wrap\">\n\t\t\t\t\t\t\t\t<\/div>\n\t\t\t\t\t<\/div>\n\t\t<\/div>\n\t\t\t\t\t\t\t\t<\/div>\n\t\t\t\t\t<\/div>\n\t\t<\/section>\n\t\t\t\t<section class=\"elementor-section elementor-top-section elementor-element elementor-element-2a5bd1e4 elementor-section-boxed elementor-section-height-default elementor-section-height-default\" data-id=\"2a5bd1e4\" data-element_type=\"section\">\n\t\t\t\t\t\t<div class=\"elementor-container elementor-column-gap-wider\">\n\t\t\t\t\t\t\t<div class=\"elementor-row\">\n\t\t\t\t\t<div class=\"elementor-column elementor-col-100 elementor-top-column elementor-element elementor-element-3f45c113\" data-id=\"3f45c113\" data-element_type=\"column\">\n\t\t\t<div class=\"elementor-column-wrap elementor-element-populated\">\n\t\t\t\t\t\t\t<div class=\"elementor-widget-wrap\">\n\t\t\t\t\t\t<div class=\"elementor-element elementor-element-1bac3b06 elementor-widget elementor-widget-heading\" data-id=\"1bac3b06\" data-element_type=\"widget\" data-widget_type=\"heading.default\">\n\t\t\t\t<div class=\"elementor-widget-container\">\n\t\t\t<h3 class=\"elementor-heading-title elementor-size-default\">Milicas framtr\u00e4dande<\/h3>\t\t<\/div>\n\t\t\t\t<\/div>\n\t\t\t\t\t\t<\/div>\n\t\t\t\t\t<\/div>\n\t\t<\/div>\n\t\t\t\t\t\t\t\t<\/div>\n\t\t\t\t\t<\/div>\n\t\t<\/section>\n\t\t\t\t<section class=\"elementor-section elementor-top-section elementor-element elementor-element-7990a56b elementor-section-boxed elementor-section-height-default elementor-section-height-default\" data-id=\"7990a56b\" data-element_type=\"section\">\n\t\t\t\t\t\t<div class=\"elementor-container elementor-column-gap-wider\">\n\t\t\t\t\t\t\t<div class=\"elementor-row\">\n\t\t\t\t\t<div class=\"elementor-column elementor-col-50 elementor-top-column elementor-element elementor-element-278010c1\" data-id=\"278010c1\" data-element_type=\"column\">\n\t\t\t<div class=\"elementor-column-wrap elementor-element-populated\">\n\t\t\t\t\t\t\t<div class=\"elementor-widget-wrap\">\n\t\t\t\t\t\t<div class=\"elementor-element elementor-element-dda1565 elementor-widget elementor-widget-text-editor\" data-id=\"dda1565\" data-element_type=\"widget\" data-widget_type=\"text-editor.default\">\n\t\t\t\t<div class=\"elementor-widget-container\">\n\t\t\t\t\t\t\t\t<div class=\"elementor-text-editor elementor-clearfix\">\n\t\t\t\t<p>Milica har en betydande konserterfarenhet. Hon har spelat p\u00e5 scen sedan unga \u00e5r.Att n\u00e4mna n\u00e5gra konsertsalar och lokaler som hon upptr\u00e4de i: Linn\u00e9 tr\u00e4dg\u00e5rden i Uppsala, Missionskyrkan i Uppsala, Kulturcentrum i Belgrad, \u201cKolarac\u201d konsertsal i Belgrad, Stadshuset i Belgrad, Musikaliska akademin i Vilnius, Galleri \u201cVartai\u201d i Vilnius, Freskgalleriet i Belgrad, Brevik kyrka i Liding\u00f6 Stockholm, T\u00e4rna kyrka i Lappland, Nationalgalleriet i Cetinje Montenegro osv.<\/p>\n<p>Milica spelar mest som solist, ackompanjat\u00f6r och i piano trio. Hennes kollegor p\u00e5 scen var bland andra: Ljiljana Jovanovi\u0107 (sopran), \u017dana Marinkovi\u0107 (fl\u00f6jt), Marit Risnes (mezzo-sopran), Biljana Kitanovi\u0107 (violin), Du\u0161an Stojanovi\u0107 (cello), Ljubomir Popovi\u0107 (tenor), Jelena Raki\u0107 (sopran), Mia R\u00e5dstr\u00f6m (mezzo-sopran), Judita Leitaite (mezzo-sopran), Algirdas Drevinskas (tenor), Dalia Surauciute (violin), Ausra Gedziute (cello), Tamara Himmelstrand (violin), Ingmar Herdelin (cello) och andra. Milica upptr\u00e4dde ocks\u00e5 med ett antal k\u00f6rer.<\/p>\n\t\t\t\t\t<\/div>\n\t\t\t\t\t\t<\/div>\n\t\t\t\t<\/div>\n\t\t\t\t<div class=\"elementor-element elementor-element-ea9d3fc elementor-widget elementor-widget-image\" data-id=\"ea9d3fc\" data-element_type=\"widget\" data-widget_type=\"image.default\">\n\t\t\t\t<div class=\"elementor-widget-container\">\n\t\t\t\t\t\t\t\t<div class=\"elementor-image\">\n\t\t\t\t\t\t\t\t\t\t\t\t<img decoding=\"async\" width=\"1024\" height=\"683\" src=\"https:\/\/www.orfeuspiano.se\/wp-content\/uploads\/2020\/11\/23213341_1522452981169608_1534670853574183469_o-1024x683.jpg\" class=\"attachment-large size-large wp-image-3875\" alt=\"\" loading=\"lazy\" srcset=\"https:\/\/www.orfeuspiano.se\/wp-content\/uploads\/2020\/11\/23213341_1522452981169608_1534670853574183469_o-1024x683.jpg 1024w, https:\/\/www.orfeuspiano.se\/wp-content\/uploads\/2020\/11\/23213341_1522452981169608_1534670853574183469_o-300x200.jpg 300w, https:\/\/www.orfeuspiano.se\/wp-content\/uploads\/2020\/11\/23213341_1522452981169608_1534670853574183469_o-768x512.jpg 768w, https:\/\/www.orfeuspiano.se\/wp-content\/uploads\/2020\/11\/23213341_1522452981169608_1534670853574183469_o.jpg 1280w\" sizes=\"(max-width: 1024px) 100vw, 1024px\" \/>\t\t\t\t\t\t\t\t\t\t\t\t\t\t<\/div>\n\t\t\t\t\t\t<\/div>\n\t\t\t\t<\/div>\n\t\t\t\t\t\t<\/div>\n\t\t\t\t\t<\/div>\n\t\t<\/div>\n\t\t\t\t<div class=\"elementor-column elementor-col-50 elementor-top-column elementor-element elementor-element-604afba2\" data-id=\"604afba2\" data-element_type=\"column\">\n\t\t\t<div class=\"elementor-column-wrap elementor-element-populated\">\n\t\t\t\t\t\t\t<div class=\"elementor-widget-wrap\">\n\t\t\t\t\t\t<div class=\"elementor-element elementor-element-f4f741f elementor-widget elementor-widget-heading\" data-id=\"f4f741f\" data-element_type=\"widget\" data-widget_type=\"heading.default\">\n\t\t\t\t<div class=\"elementor-widget-container\">\n\t\t\t<h3 class=\"elementor-heading-title elementor-size-default\">Ljudexempel:<\/h3>\t\t<\/div>\n\t\t\t\t<\/div>\n\t\t\t\t<div class=\"elementor-element elementor-element-504dc17 elementor-widget elementor-widget-text-editor\" data-id=\"504dc17\" data-element_type=\"widget\" data-widget_type=\"text-editor.default\">\n\t\t\t\t<div class=\"elementor-widget-container\">\n\t\t\t\t\t\t\t\t<div class=\"elementor-text-editor elementor-clearfix\">\n\t\t\t\t<p><strong>Svensk folkvisa arrangerad av Gustav H\u00e4gg<\/strong><br \/>\n<strong>Och flickan hon g\u00e5r i dansen (The girls goes to dance) [1:12]<\/strong><br \/>\nLjubomir Popovi\u0107, tenor<br \/>\nMilica Lundin, piano<\/p>\n\t\t\t\t\t<\/div>\n\t\t\t\t\t\t<\/div>\n\t\t\t\t<\/div>\n\t\t\t\t<div class=\"elementor-element elementor-element-8c6fcb5 elementor-widget elementor-widget-wp-widget-media_audio\" data-id=\"8c6fcb5\" data-element_type=\"widget\" data-widget_type=\"wp-widget-media_audio.default\">\n\t\t\t\t<div class=\"elementor-widget-container\">\n\t\t\t<!--[if lt IE 9]><script>document.createElement('audio');<\/script><![endif]-->\n<audio class=\"wp-audio-shortcode\" id=\"audio-3579-1\" preload=\"none\" style=\"width: 100%;\" controls=\"controls\"><source type=\"audio\/mpeg\" src=\"https:\/\/www.orfeuspiano.se\/wp-content\/uploads\/2016\/08\/Och_flickan_hon_gar_i_dansen.mp3?_=1\" \/><source type=\"audio\/mpeg\" src=\"https:\/\/www.orfeuspiano.se\/wp-content\/uploads\/2016\/08\/Och_flickan_hon_gar_i_dansen.mp3?_=1\" \/><a href=\"https:\/\/www.orfeuspiano.se\/wp-content\/uploads\/2016\/08\/Och_flickan_hon_gar_i_dansen.mp3\">https:\/\/www.orfeuspiano.se\/wp-content\/uploads\/2016\/08\/Och_flickan_hon_gar_i_dansen.mp3<\/a><\/audio>\t\t<\/div>\n\t\t\t\t<\/div>\n\t\t\t\t<div class=\"elementor-element elementor-element-94a14c9 elementor-widget elementor-widget-text-editor\" data-id=\"94a14c9\" data-element_type=\"widget\" data-widget_type=\"text-editor.default\">\n\t\t\t\t<div class=\"elementor-widget-container\">\n\t\t\t\t\t\t\t\t<div class=\"elementor-text-editor elementor-clearfix\">\n\t\t\t\t<p><strong>Svensk folkvisa arrangerad av Gustav H\u00e4gg<\/strong><br \/>\n<strong>V\u00e5rvindar friska (Fresh spring winds) [1:33]<\/strong><br \/>\nJelena Raki\u0107, sopran<br \/>\nMilica Lundin, piano<\/p>\n\t\t\t\t\t<\/div>\n\t\t\t\t\t\t<\/div>\n\t\t\t\t<\/div>\n\t\t\t\t<div class=\"elementor-element elementor-element-be8bf95 elementor-widget elementor-widget-wp-widget-media_audio\" data-id=\"be8bf95\" data-element_type=\"widget\" data-widget_type=\"wp-widget-media_audio.default\">\n\t\t\t\t<div class=\"elementor-widget-container\">\n\t\t\t<audio class=\"wp-audio-shortcode\" id=\"audio-3579-2\" preload=\"none\" style=\"width: 100%;\" controls=\"controls\"><source type=\"audio\/mpeg\" src=\"https:\/\/www.orfeuspiano.se\/wp-content\/uploads\/2016\/08\/Varvindar_friska.mp3?_=2\" \/><source type=\"audio\/mpeg\" src=\"https:\/\/www.orfeuspiano.se\/wp-content\/uploads\/2016\/08\/Varvindar_friska.mp3?_=2\" \/><a href=\"https:\/\/www.orfeuspiano.se\/wp-content\/uploads\/2016\/08\/Varvindar_friska.mp3\">https:\/\/www.orfeuspiano.se\/wp-content\/uploads\/2016\/08\/Varvindar_friska.mp3<\/a><\/audio>\t\t<\/div>\n\t\t\t\t<\/div>\n\t\t\t\t<div class=\"elementor-element elementor-element-32fb2d7 elementor-widget elementor-widget-text-editor\" data-id=\"32fb2d7\" data-element_type=\"widget\" data-widget_type=\"text-editor.default\">\n\t\t\t\t<div class=\"elementor-widget-container\">\n\t\t\t\t\t\t\t\t<div class=\"elementor-text-editor elementor-clearfix\">\n\t\t\t\t<p><strong>Wilhelm Stenhammar<\/strong><br \/>\n<strong>Tre fantasier f\u00f6r piano op. 11, no 1<\/strong><br \/>\n<strong>Molto espressivo e con intimissimo sentimento [3:55]<\/strong><br \/>\nMilica Lundin, piano<\/p>\n\t\t\t\t\t<\/div>\n\t\t\t\t\t\t<\/div>\n\t\t\t\t<\/div>\n\t\t\t\t<div class=\"elementor-element elementor-element-f6d0fab elementor-widget elementor-widget-wp-widget-media_audio\" data-id=\"f6d0fab\" data-element_type=\"widget\" data-widget_type=\"wp-widget-media_audio.default\">\n\t\t\t\t<div class=\"elementor-widget-container\">\n\t\t\t<audio class=\"wp-audio-shortcode\" id=\"audio-3579-3\" preload=\"none\" style=\"width: 100%;\" controls=\"controls\"><source type=\"audio\/mpeg\" src=\"https:\/\/www.orfeuspiano.se\/wp-content\/uploads\/2016\/08\/Molto_espressivo_e_con_intimissimo_sentimento.mp3?_=3\" \/><source type=\"audio\/mpeg\" src=\"https:\/\/www.orfeuspiano.se\/wp-content\/uploads\/2016\/08\/Molto_espressivo_e_con_intimissimo_sentimento.mp3?_=3\" \/><a href=\"https:\/\/www.orfeuspiano.se\/wp-content\/uploads\/2016\/08\/Molto_espressivo_e_con_intimissimo_sentimento.mp3\">https:\/\/www.orfeuspiano.se\/wp-content\/uploads\/2016\/08\/Molto_espressivo_e_con_intimissimo_sentimento.mp3<\/a><\/audio>\t\t<\/div>\n\t\t\t\t<\/div>\n\t\t\t\t\t\t<\/div>\n\t\t\t\t\t<\/div>\n\t\t<\/div>\n\t\t\t\t\t\t\t\t<\/div>\n\t\t\t\t\t<\/div>\n\t\t<\/section>\n\t\t\t\t\t\t\t\t\t<\/div>\n\t\t\t<\/div>\n\t\t\t\t\t<\/div>\n\t\t","protected":false},"excerpt":{"rendered":"<p>Milicas framtr\u00e4dande Milica har en betydande konserterfarenhet. Hon har spelat p\u00e5 scen sedan unga \u00e5r.Att n\u00e4mna n\u00e5gra konsertsalar och lokaler som hon upptr\u00e4de i: Linn\u00e9 tr\u00e4dg\u00e5rden i Uppsala, Missionskyrkan i Uppsala, Kulturcentrum i Belgrad, \u201cKolarac\u201d konsertsal i Belgrad, Stadshuset i Belgrad, Musikaliska akademin i Vilnius, Galleri \u201cVartai\u201d i Vilnius, Freskgalleriet i Belgrad, Brevik kyrka i&hellip;<\/p>\n","protected":false},"author":1,"featured_media":0,"parent":0,"menu_order":20,"comment_status":"closed","ping_status":"closed","template":"elementor_header_footer","meta":[],"_links":{"self":[{"href":"https:\/\/www.orfeuspiano.se\/sv\/wp-json\/wp\/v2\/pages\/3579"}],"collection":[{"href":"https:\/\/www.orfeuspiano.se\/sv\/wp-json\/wp\/v2\/pages"}],"about":[{"href":"https:\/\/www.orfeuspiano.se\/sv\/wp-json\/wp\/v2\/types\/page"}],"author":[{"embeddable":true,"href":"https:\/\/www.orfeuspiano.se\/sv\/wp-json\/wp\/v2\/users\/1"}],"replies":[{"embeddable":true,"href":"https:\/\/www.orfeuspiano.se\/sv\/wp-json\/wp\/v2\/comments?post=3579"}],"version-history":[{"count":17,"href":"https:\/\/www.orfeuspiano.se\/sv\/wp-json\/wp\/v2\/pages\/3579\/revisions"}],"predecessor-version":[{"id":4235,"href":"https:\/\/www.orfeuspiano.se\/sv\/wp-json\/wp\/v2\/pages\/3579\/revisions\/4235"}],"wp:attachment":[{"href":"https:\/\/www.orfeuspiano.se\/sv\/wp-json\/wp\/v2\/media?parent=3579"}],"curies":[{"name":"wp","href":"https:\/\/api.w.org\/{rel}","templated":true}]}}