{"id":3574,"date":"2020-11-25T19:12:20","date_gmt":"2020-11-25T18:12:20","guid":{"rendered":"https:\/\/www.orfeuspiano.se\/method\/"},"modified":"2025-03-18T21:01:24","modified_gmt":"2025-03-18T20:01:24","slug":"metod","status":"publish","type":"page","link":"https:\/\/www.orfeuspiano.se\/sv\/metod\/","title":{"rendered":"Metod"},"content":{"rendered":"\t\t<div data-elementor-type=\"wp-page\" data-elementor-id=\"3574\" class=\"elementor elementor-3574 elementor-3271\">\n\t\t\t\t\t\t<div class=\"elementor-inner\">\n\t\t\t\t<div class=\"elementor-section-wrap\">\n\t\t\t\t\t\t\t\t\t<section class=\"elementor-section elementor-top-section elementor-element elementor-element-78e0f2e elementor-section-boxed elementor-section-height-default elementor-section-height-default\" data-id=\"78e0f2e\" data-element_type=\"section\">\n\t\t\t\t\t\t<div class=\"elementor-container elementor-column-gap-default\">\n\t\t\t\t\t\t\t<div class=\"elementor-row\">\n\t\t\t\t\t<div class=\"elementor-column elementor-col-100 elementor-top-column elementor-element elementor-element-12d23ba\" data-id=\"12d23ba\" data-element_type=\"column\">\n\t\t\t<div class=\"elementor-column-wrap\">\n\t\t\t\t\t\t\t<div class=\"elementor-widget-wrap\">\n\t\t\t\t\t\t\t\t<\/div>\n\t\t\t\t\t<\/div>\n\t\t<\/div>\n\t\t\t\t\t\t\t\t<\/div>\n\t\t\t\t\t<\/div>\n\t\t<\/section>\n\t\t\t\t<section class=\"elementor-section elementor-top-section elementor-element elementor-element-2a5bd1e4 elementor-section-boxed elementor-section-height-default elementor-section-height-default\" data-id=\"2a5bd1e4\" data-element_type=\"section\">\n\t\t\t\t\t\t<div class=\"elementor-container elementor-column-gap-wider\">\n\t\t\t\t\t\t\t<div class=\"elementor-row\">\n\t\t\t\t\t<div class=\"elementor-column elementor-col-100 elementor-top-column elementor-element elementor-element-3f45c113\" data-id=\"3f45c113\" data-element_type=\"column\">\n\t\t\t<div class=\"elementor-column-wrap elementor-element-populated\">\n\t\t\t\t\t\t\t<div class=\"elementor-widget-wrap\">\n\t\t\t\t\t\t<div class=\"elementor-element elementor-element-1bac3b06 elementor-widget elementor-widget-heading\" data-id=\"1bac3b06\" data-element_type=\"widget\" data-widget_type=\"heading.default\">\n\t\t\t\t<div class=\"elementor-widget-container\">\n\t\t\t<h3 class=\"elementor-heading-title elementor-size-default\">Metod<\/h3>\t\t<\/div>\n\t\t\t\t<\/div>\n\t\t\t\t\t\t<\/div>\n\t\t\t\t\t<\/div>\n\t\t<\/div>\n\t\t\t\t\t\t\t\t<\/div>\n\t\t\t\t\t<\/div>\n\t\t<\/section>\n\t\t\t\t<section class=\"elementor-section elementor-top-section elementor-element elementor-element-7990a56b elementor-section-boxed elementor-section-height-default elementor-section-height-default\" data-id=\"7990a56b\" data-element_type=\"section\">\n\t\t\t\t\t\t<div class=\"elementor-container elementor-column-gap-wider\">\n\t\t\t\t\t\t\t<div class=\"elementor-row\">\n\t\t\t\t\t<div class=\"elementor-column elementor-col-100 elementor-top-column elementor-element elementor-element-278010c1\" data-id=\"278010c1\" data-element_type=\"column\">\n\t\t\t<div class=\"elementor-column-wrap elementor-element-populated\">\n\t\t\t\t\t\t\t<div class=\"elementor-widget-wrap\">\n\t\t\t\t\t\t<div class=\"elementor-element elementor-element-dda1565 elementor-widget elementor-widget-text-editor\" data-id=\"dda1565\" data-element_type=\"widget\" data-widget_type=\"text-editor.default\">\n\t\t\t\t<div class=\"elementor-widget-container\">\n\t\t\t\t\t\t\t\t<div class=\"elementor-text-editor elementor-clearfix\">\n\t\t\t\t<h3>Metod: Framsteg \u00e4r den b\u00e4sta uppmuntran<\/h3><p>Detta \u00e4r Milicas undervisnings motto. Varje elev utvecklas i sin egen takt. Undervisningen planeras f\u00f6r var och en annorlunda, men \u201cjag kan idag det som jag inte kunde ig\u00e5r\u201d \u00e4r v\u00e4gledande inom inl\u00e4rningsprocessen. P\u00e5 s\u00e5 s\u00e4tt blir eleverna stolta \u00f6ver sina resultat, hur sm\u00e5 de \u00e4n m\u00e5 vara. De \u00f6var g\u00e4rna och kan vara s\u00e4kra p\u00e5 att de gjort en bra investering. Musikaliska leksaker och kreativa metoder \u00e4r f\u00f6rberedda f\u00f6r de minsta eleverna<\/p><h4>Repertoaren<\/h4><p>varierar, beroende p\u00e5 elevernas \u00f6nskem\u00e5l. Metoden garanterar kunskaper i notl\u00e4sning, musikalisk teori, improvisation, ackompanjemang och om s\u00e5 \u00f6nskas- piano teknik. Kunskapernas niv\u00e5 beror p\u00e5 \u00e5lder, intresse och tidigare kunskaper, om s\u00e5dana finns. Undervisning kan ges i svenska, engelska, ryska eller serbiska.<\/p><h4>Plats<\/h4><p>I elevens hem ( Stockholms innerstad) g\u00e4rna om det finns elever f\u00f6r minst 60 minuters undervisning. Lektioner \u00e4r individuella och kan ta 30 eller 45 minuter beroende av spelniv\u00e5n.\u00a0<\/p><h4>Priset<\/h4><p>beror p\u00e5 lektionens l\u00e4ngd och plats. Man betalar i f\u00f6rskott f\u00f6r en hel termin till terminens avslutning (en hel termin- 15 lektioner om en lektion per vecka). Man f\u00e5r en provlektion gratis.<\/p><h4>Noter och material<\/h4><p>kan kopieras av l\u00e4raren eller enligt \u00f6verenskommelse k\u00f6pas. Kopierat material kommer fr\u00e5n engelska, svenska, ryska, tyska eller serbiska piano l\u00e4rob\u00f6cker. Ett noth\u00e4fte ska medtas till lektionen. Det blir inga l\u00e4xor att skrivas dock.<\/p><h4>Upptr\u00e4dande och dokumentation<\/h4><p>En g\u00e5ng per termin organiserar l\u00e4raren en uppspelning f\u00f6r alla som vill lyssna. Milica ger ocks\u00e5 f\u00f6r\u00e4ldrarna intr\u00e4de till undervisningens protokoll och skickar en liten rapport i slutet av varje termin<\/p>\t\t\t\t\t<\/div>\n\t\t\t\t\t\t<\/div>\n\t\t\t\t<\/div>\n\t\t\t\t\t\t<\/div>\n\t\t\t\t\t<\/div>\n\t\t<\/div>\n\t\t\t\t\t\t\t\t<\/div>\n\t\t\t\t\t<\/div>\n\t\t<\/section>\n\t\t\t\t\t\t\t\t\t<\/div>\n\t\t\t<\/div>\n\t\t\t\t\t<\/div>\n\t\t","protected":false},"excerpt":{"rendered":"<p>Metod Metod: Framsteg \u00e4r den b\u00e4sta uppmuntran Detta \u00e4r Milicas undervisnings motto. Varje elev utvecklas i sin egen takt. Undervisningen planeras f\u00f6r var och en annorlunda, men \u201cjag kan idag det som jag inte kunde ig\u00e5r\u201d \u00e4r v\u00e4gledande inom inl\u00e4rningsprocessen. P\u00e5 s\u00e5 s\u00e4tt blir eleverna stolta \u00f6ver sina resultat, hur sm\u00e5 de \u00e4n m\u00e5 vara.&hellip;<\/p>\n","protected":false},"author":1,"featured_media":0,"parent":0,"menu_order":20,"comment_status":"closed","ping_status":"closed","template":"elementor_header_footer","meta":[],"_links":{"self":[{"href":"https:\/\/www.orfeuspiano.se\/sv\/wp-json\/wp\/v2\/pages\/3574"}],"collection":[{"href":"https:\/\/www.orfeuspiano.se\/sv\/wp-json\/wp\/v2\/pages"}],"about":[{"href":"https:\/\/www.orfeuspiano.se\/sv\/wp-json\/wp\/v2\/types\/page"}],"author":[{"embeddable":true,"href":"https:\/\/www.orfeuspiano.se\/sv\/wp-json\/wp\/v2\/users\/1"}],"replies":[{"embeddable":true,"href":"https:\/\/www.orfeuspiano.se\/sv\/wp-json\/wp\/v2\/comments?post=3574"}],"version-history":[{"count":14,"href":"https:\/\/www.orfeuspiano.se\/sv\/wp-json\/wp\/v2\/pages\/3574\/revisions"}],"predecessor-version":[{"id":4813,"href":"https:\/\/www.orfeuspiano.se\/sv\/wp-json\/wp\/v2\/pages\/3574\/revisions\/4813"}],"wp:attachment":[{"href":"https:\/\/www.orfeuspiano.se\/sv\/wp-json\/wp\/v2\/media?parent=3574"}],"curies":[{"name":"wp","href":"https:\/\/api.w.org\/{rel}","templated":true}]}}